{"id":2749,"date":"2024-03-05T11:59:48","date_gmt":"2024-03-05T14:59:48","guid":{"rendered":"https:\/\/colegioescribanoslp.org.ar\/celp\/?page_id=2749"},"modified":"2025-01-03T08:23:33","modified_gmt":"2025-01-03T11:23:33","slug":"legislacion","status":"publish","type":"page","link":"https:\/\/colegioescribanoslp.org.ar\/celp\/index.php\/legislacion\/","title":{"rendered":"Legislaci\u00f3n"},"content":{"rendered":"\t\t<div data-elementor-type=\"wp-page\" data-elementor-id=\"2749\" class=\"elementor elementor-2749\" data-elementor-post-type=\"page\">\n\t\t\t\t<div class=\"elementor-element elementor-element-d1659f9 e-flex e-con-boxed e-con e-parent\" data-id=\"d1659f9\" data-element_type=\"container\" data-e-type=\"container\">\n\t\t\t\t\t<div class=\"e-con-inner\">\n\t\t\t\t<div class=\"elementor-element elementor-element-4fc1f23 elementor-widget elementor-widget-heading\" data-id=\"4fc1f23\" data-element_type=\"widget\" data-e-type=\"widget\" data-widget_type=\"heading.default\">\n\t\t\t\t<div class=\"elementor-widget-container\">\n\t\t\t\t\t<h2 class=\"elementor-heading-title elementor-size-default\">lEYES, DECRETOS &amp; RESOLUCIONES <br><\/h2>\t\t\t\t<\/div>\n\t\t\t\t<\/div>\n\t\t<div class=\"elementor-element elementor-element-c0239fa e-grid e-con-boxed elementor-invisible e-con e-child\" data-id=\"c0239fa\" data-element_type=\"container\" data-e-type=\"container\" data-settings=\"{&quot;animation&quot;:&quot;fadeInLeft&quot;}\">\n\t\t\t\t\t<div class=\"e-con-inner\">\n\t\t\t\t<div class=\"elementor-element elementor-element-6e0ba7f elementor-position-left elementor-vertical-align-middle elementor-widget elementor-widget-image-box\" data-id=\"6e0ba7f\" data-element_type=\"widget\" data-e-type=\"widget\" data-widget_type=\"image-box.default\">\n\t\t\t\t<div class=\"elementor-widget-container\">\n\t\t\t\t\t<div class=\"elementor-image-box-wrapper\"><figure class=\"elementor-image-box-img\"><a href=\"https:\/\/colegioescribanoslp.org.ar\/pdf\/LEY%203114%20NOTARIAL%20LA%20PAMPA%202018.pdf\" tabindex=\"-1\"><img decoding=\"async\" src=\"https:\/\/colegioescribanoslp.org.ar\/celp\/wp-content\/uploads\/elementor\/thumbs\/LOGO-BLANCO-CDELP-PNG-qotyabv0tvcwvv1drffy52ev6g4n225sa8f80rdwe4.png\" title=\"LOGO BLANCO CDELP PNG\" alt=\"LOGO BLANCO CDELP PNG\" loading=\"lazy\" \/><\/a><\/figure><div class=\"elementor-image-box-content\"><h3 class=\"elementor-image-box-title\"><a href=\"https:\/\/colegioescribanoslp.org.ar\/pdf\/LEY%203114%20NOTARIAL%20LA%20PAMPA%202018.pdf\">Ley 3114 <br> Notarial de La Pampa<\/a><\/h3><\/div><\/div>\t\t\t\t<\/div>\n\t\t\t\t<\/div>\n\t\t\t\t<div class=\"elementor-element elementor-element-5640c59 elementor-position-left elementor-vertical-align-middle elementor-widget elementor-widget-image-box\" data-id=\"5640c59\" data-element_type=\"widget\" data-e-type=\"widget\" data-widget_type=\"image-box.default\">\n\t\t\t\t<div class=\"elementor-widget-container\">\n\t\t\t\t\t<div class=\"elementor-image-box-wrapper\"><figure class=\"elementor-image-box-img\"><a href=\"https:\/\/colegioescribanoslp.org.ar\/pdf\/DEC%203739%20REGLAMENTA%20la%20LEY%203114%20ORGANICA%20del%20NOTARIADO%20PAMPEANO%202019.pdf\" tabindex=\"-1\"><img fetchpriority=\"high\" decoding=\"async\" width=\"286\" height=\"300\" src=\"https:\/\/colegioescribanoslp.org.ar\/celp\/wp-content\/uploads\/2024\/05\/LOGO-BLANCO-CDELP-PNG-286x300.png\" class=\"attachment-medium size-medium wp-image-3250\" alt=\"\" srcset=\"https:\/\/colegioescribanoslp.org.ar\/celp\/wp-content\/uploads\/2024\/05\/LOGO-BLANCO-CDELP-PNG-286x300.png 286w, https:\/\/colegioescribanoslp.org.ar\/celp\/wp-content\/uploads\/2024\/05\/LOGO-BLANCO-CDELP-PNG-768x805.png 768w, https:\/\/colegioescribanoslp.org.ar\/celp\/wp-content\/uploads\/2024\/05\/LOGO-BLANCO-CDELP-PNG.png 833w\" sizes=\"(max-width: 286px) 100vw, 286px\" \/><\/a><\/figure><div class=\"elementor-image-box-content\"><h3 class=\"elementor-image-box-title\"><a href=\"https:\/\/colegioescribanoslp.org.ar\/pdf\/DEC%203739%20REGLAMENTA%20la%20LEY%203114%20ORGANICA%20del%20NOTARIADO%20PAMPEANO%202019.pdf\">Ley 3114 <br>Decreto 3739\/19<\/a><\/h3><\/div><\/div>\t\t\t\t<\/div>\n\t\t\t\t<\/div>\n\t\t\t\t<div class=\"elementor-element elementor-element-56297da elementor-position-left elementor-vertical-align-middle elementor-widget elementor-widget-image-box\" data-id=\"56297da\" data-element_type=\"widget\" data-e-type=\"widget\" data-widget_type=\"image-box.default\">\n\t\t\t\t<div class=\"elementor-widget-container\">\n\t\t\t\t\t<div class=\"elementor-image-box-wrapper\"><figure class=\"elementor-image-box-img\"><a href=\"https:\/\/www.colegioescribanoslp.org.ar\/pdf\/LEY%201032%20de%20Aranceles%20Notariales.pdf\" tabindex=\"-1\"><img fetchpriority=\"high\" decoding=\"async\" width=\"286\" height=\"300\" src=\"https:\/\/colegioescribanoslp.org.ar\/celp\/wp-content\/uploads\/2024\/05\/LOGO-BLANCO-CDELP-PNG-286x300.png\" class=\"attachment-medium size-medium wp-image-3250\" alt=\"\" srcset=\"https:\/\/colegioescribanoslp.org.ar\/celp\/wp-content\/uploads\/2024\/05\/LOGO-BLANCO-CDELP-PNG-286x300.png 286w, https:\/\/colegioescribanoslp.org.ar\/celp\/wp-content\/uploads\/2024\/05\/LOGO-BLANCO-CDELP-PNG-768x805.png 768w, https:\/\/colegioescribanoslp.org.ar\/celp\/wp-content\/uploads\/2024\/05\/LOGO-BLANCO-CDELP-PNG.png 833w\" sizes=\"(max-width: 286px) 100vw, 286px\" \/><\/a><\/figure><div class=\"elementor-image-box-content\"><h3 class=\"elementor-image-box-title\"><a href=\"https:\/\/www.colegioescribanoslp.org.ar\/pdf\/LEY%201032%20de%20Aranceles%20Notariales.pdf\">Ley 1032<br> Aranceles notariales<\/a><\/h3><\/div><\/div>\t\t\t\t<\/div>\n\t\t\t\t<\/div>\n\t\t\t\t<div class=\"elementor-element elementor-element-b84d8a9 elementor-position-left elementor-vertical-align-middle elementor-widget elementor-widget-image-box\" data-id=\"b84d8a9\" data-element_type=\"widget\" data-e-type=\"widget\" data-widget_type=\"image-box.default\">\n\t\t\t\t<div class=\"elementor-widget-container\">\n\t\t\t\t\t<div class=\"elementor-image-box-wrapper\"><figure class=\"elementor-image-box-img\"><a href=\"https:\/\/www.colegioescribanoslp.org.ar\/pdf\/LEY_2033_CREASE_EL_REGISTRO_DE_ACTOS_DE_ULTIMA.PDF\" tabindex=\"-1\"><img fetchpriority=\"high\" decoding=\"async\" width=\"286\" height=\"300\" src=\"https:\/\/colegioescribanoslp.org.ar\/celp\/wp-content\/uploads\/2024\/05\/LOGO-BLANCO-CDELP-PNG-286x300.png\" class=\"attachment-medium size-medium wp-image-3250\" alt=\"\" srcset=\"https:\/\/colegioescribanoslp.org.ar\/celp\/wp-content\/uploads\/2024\/05\/LOGO-BLANCO-CDELP-PNG-286x300.png 286w, https:\/\/colegioescribanoslp.org.ar\/celp\/wp-content\/uploads\/2024\/05\/LOGO-BLANCO-CDELP-PNG-768x805.png 768w, https:\/\/colegioescribanoslp.org.ar\/celp\/wp-content\/uploads\/2024\/05\/LOGO-BLANCO-CDELP-PNG.png 833w\" sizes=\"(max-width: 286px) 100vw, 286px\" \/><\/a><\/figure><div class=\"elementor-image-box-content\"><h3 class=\"elementor-image-box-title\"><a href=\"https:\/\/www.colegioescribanoslp.org.ar\/pdf\/LEY_2033_CREASE_EL_REGISTRO_DE_ACTOS_DE_ULTIMA.PDF\">Ley 2033\/03<br>Actos \u00fatima voluntad<\/a><\/h3><\/div><\/div>\t\t\t\t<\/div>\n\t\t\t\t<\/div>\n\t\t\t\t<div class=\"elementor-element elementor-element-76f7e91 elementor-position-left elementor-vertical-align-middle elementor-widget elementor-widget-image-box\" data-id=\"76f7e91\" data-element_type=\"widget\" data-e-type=\"widget\" data-widget_type=\"image-box.default\">\n\t\t\t\t<div class=\"elementor-widget-container\">\n\t\t\t\t\t<div class=\"elementor-image-box-wrapper\"><figure class=\"elementor-image-box-img\"><a href=\"https:\/\/www.colegioescribanoslp.org.ar\/pdf\/Decreto%20Ley%20Provincial%20483-1968.pdf\" tabindex=\"-1\"><img fetchpriority=\"high\" decoding=\"async\" width=\"286\" height=\"300\" src=\"https:\/\/colegioescribanoslp.org.ar\/celp\/wp-content\/uploads\/2024\/05\/LOGO-BLANCO-CDELP-PNG-286x300.png\" class=\"attachment-medium size-medium wp-image-3250\" alt=\"\" srcset=\"https:\/\/colegioescribanoslp.org.ar\/celp\/wp-content\/uploads\/2024\/05\/LOGO-BLANCO-CDELP-PNG-286x300.png 286w, https:\/\/colegioescribanoslp.org.ar\/celp\/wp-content\/uploads\/2024\/05\/LOGO-BLANCO-CDELP-PNG-768x805.png 768w, https:\/\/colegioescribanoslp.org.ar\/celp\/wp-content\/uploads\/2024\/05\/LOGO-BLANCO-CDELP-PNG.png 833w\" sizes=\"(max-width: 286px) 100vw, 286px\" \/><\/a><\/figure><div class=\"elementor-image-box-content\"><h3 class=\"elementor-image-box-title\"><a href=\"https:\/\/www.colegioescribanoslp.org.ar\/pdf\/Decreto%20Ley%20Provincial%20483-1968.pdf\">Decreto L. Prov. 483\/68<br>Registro prop. inmueble<\/a><\/h3><\/div><\/div>\t\t\t\t<\/div>\n\t\t\t\t<\/div>\n\t\t\t\t<div class=\"elementor-element elementor-element-f7f7c2c elementor-position-left elementor-vertical-align-middle elementor-widget elementor-widget-image-box\" data-id=\"f7f7c2c\" data-element_type=\"widget\" data-e-type=\"widget\" data-widget_type=\"image-box.default\">\n\t\t\t\t<div class=\"elementor-widget-container\">\n\t\t\t\t\t<div class=\"elementor-image-box-wrapper\"><figure class=\"elementor-image-box-img\"><a href=\"https:\/\/www.colegioescribanoslp.org.ar\/pdf\/Resolucion%20004-20%20CATASTRO%20-%20MENSURA%20OBLIGATORIA.pdf\" tabindex=\"-1\"><img fetchpriority=\"high\" decoding=\"async\" width=\"286\" height=\"300\" src=\"https:\/\/colegioescribanoslp.org.ar\/celp\/wp-content\/uploads\/2024\/05\/LOGO-BLANCO-CDELP-PNG-286x300.png\" class=\"attachment-medium size-medium wp-image-3250\" alt=\"\" srcset=\"https:\/\/colegioescribanoslp.org.ar\/celp\/wp-content\/uploads\/2024\/05\/LOGO-BLANCO-CDELP-PNG-286x300.png 286w, https:\/\/colegioescribanoslp.org.ar\/celp\/wp-content\/uploads\/2024\/05\/LOGO-BLANCO-CDELP-PNG-768x805.png 768w, https:\/\/colegioescribanoslp.org.ar\/celp\/wp-content\/uploads\/2024\/05\/LOGO-BLANCO-CDELP-PNG.png 833w\" sizes=\"(max-width: 286px) 100vw, 286px\" \/><\/a><\/figure><div class=\"elementor-image-box-content\"><h3 class=\"elementor-image-box-title\"><a href=\"https:\/\/www.colegioescribanoslp.org.ar\/pdf\/Resolucion%20004-20%20CATASTRO%20-%20MENSURA%20OBLIGATORIA.pdf\">Resoluci\u00f3n 4\/20<br> Catastro provincial<\/a><\/h3><\/div><\/div>\t\t\t\t<\/div>\n\t\t\t\t<\/div>\n\t\t\t\t<div class=\"elementor-element elementor-element-3835fad elementor-position-left elementor-vertical-align-middle elementor-widget elementor-widget-image-box\" data-id=\"3835fad\" data-element_type=\"widget\" data-e-type=\"widget\" data-widget_type=\"image-box.default\">\n\t\t\t\t<div class=\"elementor-widget-container\">\n\t\t\t\t\t<div class=\"elementor-image-box-wrapper\"><figure class=\"elementor-image-box-img\"><a href=\"https:\/\/www.colegioescribanoslp.org.ar\/pdf\/RESOLUCION%20NOTAS%20MARGINALES%202015.pdf\" tabindex=\"-1\"><img fetchpriority=\"high\" decoding=\"async\" width=\"286\" height=\"300\" src=\"https:\/\/colegioescribanoslp.org.ar\/celp\/wp-content\/uploads\/2024\/05\/LOGO-BLANCO-CDELP-PNG-286x300.png\" class=\"attachment-medium size-medium wp-image-3250\" alt=\"\" srcset=\"https:\/\/colegioescribanoslp.org.ar\/celp\/wp-content\/uploads\/2024\/05\/LOGO-BLANCO-CDELP-PNG-286x300.png 286w, https:\/\/colegioescribanoslp.org.ar\/celp\/wp-content\/uploads\/2024\/05\/LOGO-BLANCO-CDELP-PNG-768x805.png 768w, https:\/\/colegioescribanoslp.org.ar\/celp\/wp-content\/uploads\/2024\/05\/LOGO-BLANCO-CDELP-PNG.png 833w\" sizes=\"(max-width: 286px) 100vw, 286px\" \/><\/a><\/figure><div class=\"elementor-image-box-content\"><h3 class=\"elementor-image-box-title\"><a href=\"https:\/\/www.colegioescribanoslp.org.ar\/pdf\/RESOLUCION%20NOTAS%20MARGINALES%202015.pdf\">Resoluci\u00f3n 1\/15 <br>Notas marginales<\/a><\/h3><\/div><\/div>\t\t\t\t<\/div>\n\t\t\t\t<\/div>\n\t\t\t\t\t<\/div>\n\t\t\t\t<\/div>\n\t\t\t\t<div class=\"elementor-element elementor-element-df2c287 elementor-widget elementor-widget-heading\" data-id=\"df2c287\" data-element_type=\"widget\" data-e-type=\"widget\" data-widget_type=\"heading.default\">\n\t\t\t\t<div class=\"elementor-widget-container\">\n\t\t\t\t\t<h2 class=\"elementor-heading-title elementor-size-default\">REGLAMENTOS<\/h2>\t\t\t\t<\/div>\n\t\t\t\t<\/div>\n\t\t<div class=\"elementor-element elementor-element-83d2dfb e-grid e-con-boxed elementor-invisible e-con e-child\" data-id=\"83d2dfb\" data-element_type=\"container\" data-e-type=\"container\" data-settings=\"{&quot;animation&quot;:&quot;fadeInRight&quot;}\">\n\t\t\t\t\t<div class=\"e-con-inner\">\n\t\t\t\t<div class=\"elementor-element elementor-element-25dd921 elementor-position-left elementor-vertical-align-middle elementor-widget elementor-widget-image-box\" data-id=\"25dd921\" data-element_type=\"widget\" data-e-type=\"widget\" data-widget_type=\"image-box.default\">\n\t\t\t\t<div class=\"elementor-widget-container\">\n\t\t\t\t\t<div class=\"elementor-image-box-wrapper\"><figure class=\"elementor-image-box-img\"><a href=\"https:\/\/colegioescribanoslp.org.ar\/pdf\/Resol.%20Registro%20%20Actos%20de%20Autoprotecci\u00f3n-22%20MAYO%202012.pdf\" tabindex=\"-1\"><img fetchpriority=\"high\" decoding=\"async\" width=\"286\" height=\"300\" src=\"https:\/\/colegioescribanoslp.org.ar\/celp\/wp-content\/uploads\/2024\/05\/LOGO-BLANCO-CDELP-PNG-286x300.png\" class=\"attachment-medium size-medium wp-image-3250\" alt=\"\" srcset=\"https:\/\/colegioescribanoslp.org.ar\/celp\/wp-content\/uploads\/2024\/05\/LOGO-BLANCO-CDELP-PNG-286x300.png 286w, https:\/\/colegioescribanoslp.org.ar\/celp\/wp-content\/uploads\/2024\/05\/LOGO-BLANCO-CDELP-PNG-768x805.png 768w, https:\/\/colegioescribanoslp.org.ar\/celp\/wp-content\/uploads\/2024\/05\/LOGO-BLANCO-CDELP-PNG.png 833w\" sizes=\"(max-width: 286px) 100vw, 286px\" \/><\/a><\/figure><div class=\"elementor-image-box-content\"><h3 class=\"elementor-image-box-title\"><a href=\"https:\/\/colegioescribanoslp.org.ar\/pdf\/Resol.%20Registro%20%20Actos%20de%20Autoprotecci\u00f3n-22%20MAYO%202012.pdf\">Certificaci\u00f3n de copias o fotocopias<\/a><\/h3><\/div><\/div>\t\t\t\t<\/div>\n\t\t\t\t<\/div>\n\t\t\t\t<div class=\"elementor-element elementor-element-e624ac8 elementor-position-left elementor-vertical-align-middle elementor-widget elementor-widget-image-box\" data-id=\"e624ac8\" data-element_type=\"widget\" data-e-type=\"widget\" data-widget_type=\"image-box.default\">\n\t\t\t\t<div class=\"elementor-widget-container\">\n\t\t\t\t\t<div class=\"elementor-image-box-wrapper\"><figure class=\"elementor-image-box-img\"><a href=\"http:\/\/Registro%20Actos%20de%20Autoprotecci\u00f3n\" tabindex=\"-1\"><img fetchpriority=\"high\" decoding=\"async\" width=\"286\" height=\"300\" src=\"https:\/\/colegioescribanoslp.org.ar\/celp\/wp-content\/uploads\/2024\/05\/LOGO-BLANCO-CDELP-PNG-286x300.png\" class=\"attachment-medium size-medium wp-image-3250\" alt=\"\" srcset=\"https:\/\/colegioescribanoslp.org.ar\/celp\/wp-content\/uploads\/2024\/05\/LOGO-BLANCO-CDELP-PNG-286x300.png 286w, https:\/\/colegioescribanoslp.org.ar\/celp\/wp-content\/uploads\/2024\/05\/LOGO-BLANCO-CDELP-PNG-768x805.png 768w, https:\/\/colegioescribanoslp.org.ar\/celp\/wp-content\/uploads\/2024\/05\/LOGO-BLANCO-CDELP-PNG.png 833w\" sizes=\"(max-width: 286px) 100vw, 286px\" \/><\/a><\/figure><div class=\"elementor-image-box-content\"><h3 class=\"elementor-image-box-title\"><a href=\"http:\/\/Registro%20Actos%20de%20Autoprotecci\u00f3n\">Registro de actos de autoprotecci\u00f3n<\/a><\/h3><\/div><\/div>\t\t\t\t<\/div>\n\t\t\t\t<\/div>\n\t\t\t\t<div class=\"elementor-element elementor-element-179675a elementor-position-left elementor-vertical-align-middle elementor-widget elementor-widget-image-box\" data-id=\"179675a\" data-element_type=\"widget\" data-e-type=\"widget\" data-widget_type=\"image-box.default\">\n\t\t\t\t<div class=\"elementor-widget-container\">\n\t\t\t\t\t<div class=\"elementor-image-box-wrapper\"><figure class=\"elementor-image-box-img\"><a href=\"https:\/\/www.colegioescribanoslp.org.ar\/pdf\/REGLAMENTO%20de%20CERTIFICACIONES%20de%20FIRMAS%20e%20IMPRESIONES%20DIGITALES%20SET%202016.pdf\" tabindex=\"-1\"><img fetchpriority=\"high\" decoding=\"async\" width=\"286\" height=\"300\" src=\"https:\/\/colegioescribanoslp.org.ar\/celp\/wp-content\/uploads\/2024\/05\/LOGO-BLANCO-CDELP-PNG-286x300.png\" class=\"attachment-medium size-medium wp-image-3250\" alt=\"\" srcset=\"https:\/\/colegioescribanoslp.org.ar\/celp\/wp-content\/uploads\/2024\/05\/LOGO-BLANCO-CDELP-PNG-286x300.png 286w, https:\/\/colegioescribanoslp.org.ar\/celp\/wp-content\/uploads\/2024\/05\/LOGO-BLANCO-CDELP-PNG-768x805.png 768w, https:\/\/colegioescribanoslp.org.ar\/celp\/wp-content\/uploads\/2024\/05\/LOGO-BLANCO-CDELP-PNG.png 833w\" sizes=\"(max-width: 286px) 100vw, 286px\" \/><\/a><\/figure><div class=\"elementor-image-box-content\"><h3 class=\"elementor-image-box-title\"><a href=\"https:\/\/www.colegioescribanoslp.org.ar\/pdf\/REGLAMENTO%20de%20CERTIFICACIONES%20de%20FIRMAS%20e%20IMPRESIONES%20DIGITALES%20SET%202016.pdf\">Certificaci\u00f3n de firmas <br>e impresiones digitales<\/a><\/h3><\/div><\/div>\t\t\t\t<\/div>\n\t\t\t\t<\/div>\n\t\t\t\t<div class=\"elementor-element elementor-element-4b4020c elementor-position-left elementor-vertical-align-middle elementor-widget elementor-widget-image-box\" data-id=\"4b4020c\" data-element_type=\"widget\" data-e-type=\"widget\" data-widget_type=\"image-box.default\">\n\t\t\t\t<div class=\"elementor-widget-container\">\n\t\t\t\t\t<div class=\"elementor-image-box-wrapper\"><figure class=\"elementor-image-box-img\"><a href=\"https:\/\/www.colegioescribanoslp.org.ar\/pdf\/REGLAMENTO%20ARCHIVO%20de%20PROTOCOLOS%202019.pdf\" tabindex=\"-1\"><img fetchpriority=\"high\" decoding=\"async\" width=\"286\" height=\"300\" src=\"https:\/\/colegioescribanoslp.org.ar\/celp\/wp-content\/uploads\/2024\/05\/LOGO-BLANCO-CDELP-PNG-286x300.png\" class=\"attachment-medium size-medium wp-image-3250\" alt=\"\" srcset=\"https:\/\/colegioescribanoslp.org.ar\/celp\/wp-content\/uploads\/2024\/05\/LOGO-BLANCO-CDELP-PNG-286x300.png 286w, https:\/\/colegioescribanoslp.org.ar\/celp\/wp-content\/uploads\/2024\/05\/LOGO-BLANCO-CDELP-PNG-768x805.png 768w, https:\/\/colegioescribanoslp.org.ar\/celp\/wp-content\/uploads\/2024\/05\/LOGO-BLANCO-CDELP-PNG.png 833w\" sizes=\"(max-width: 286px) 100vw, 286px\" \/><\/a><\/figure><div class=\"elementor-image-box-content\"><h3 class=\"elementor-image-box-title\"><a href=\"https:\/\/www.colegioescribanoslp.org.ar\/pdf\/REGLAMENTO%20ARCHIVO%20de%20PROTOCOLOS%202019.pdf\">Archivo de protocolos<\/a><\/h3><\/div><\/div>\t\t\t\t<\/div>\n\t\t\t\t<\/div>\n\t\t\t\t\t<\/div>\n\t\t\t\t<\/div>\n\t\t\t\t\t<\/div>\n\t\t\t\t<\/div>\n\t\t\t\t<\/div>\n\t\t","protected":false},"excerpt":{"rendered":"<p>lEYES, DECRETOS &amp; RESOLUCIONES Ley 3114 Notarial de La Pampa Ley 3114 Decreto 3739\/19 Ley 1032 Aranceles notariales Ley 2033\/03Actos \u00fatima voluntad Decreto L. Prov. 483\/68Registro prop. inmueble Resoluci\u00f3n 4\/20 Catastro provincial Resoluci\u00f3n 1\/15 Notas marginales REGLAMENTOS Certificaci\u00f3n de copias o fotocopias Registro de actos de autoprotecci\u00f3n Certificaci\u00f3n de firmas e impresiones digitales Archivo de&#8230;<\/p>\n","protected":false},"author":1,"featured_media":0,"parent":0,"menu_order":0,"comment_status":"closed","ping_status":"closed","template":"","meta":{"_kad_post_transparent":"disable","_kad_post_title":"hide","_kad_post_layout":"fullwidth","_kad_post_sidebar_id":"","_kad_post_content_style":"unboxed","_kad_post_vertical_padding":"","_kad_post_feature":"","_kad_post_feature_position":"","_kad_post_header":false,"_kad_post_footer":false,"_kad_post_classname":"","footnotes":""},"class_list":["post-2749","page","type-page","status-publish","hentry"],"_links":{"self":[{"href":"https:\/\/colegioescribanoslp.org.ar\/celp\/index.php\/wp-json\/wp\/v2\/pages\/2749","targetHints":{"allow":["GET"]}}],"collection":[{"href":"https:\/\/colegioescribanoslp.org.ar\/celp\/index.php\/wp-json\/wp\/v2\/pages"}],"about":[{"href":"https:\/\/colegioescribanoslp.org.ar\/celp\/index.php\/wp-json\/wp\/v2\/types\/page"}],"author":[{"embeddable":true,"href":"https:\/\/colegioescribanoslp.org.ar\/celp\/index.php\/wp-json\/wp\/v2\/users\/1"}],"replies":[{"embeddable":true,"href":"https:\/\/colegioescribanoslp.org.ar\/celp\/index.php\/wp-json\/wp\/v2\/comments?post=2749"}],"version-history":[{"count":77,"href":"https:\/\/colegioescribanoslp.org.ar\/celp\/index.php\/wp-json\/wp\/v2\/pages\/2749\/revisions"}],"predecessor-version":[{"id":3922,"href":"https:\/\/colegioescribanoslp.org.ar\/celp\/index.php\/wp-json\/wp\/v2\/pages\/2749\/revisions\/3922"}],"wp:attachment":[{"href":"https:\/\/colegioescribanoslp.org.ar\/celp\/index.php\/wp-json\/wp\/v2\/media?parent=2749"}],"curies":[{"name":"wp","href":"https:\/\/api.w.org\/{rel}","templated":true}]}}