{"id":344,"date":"2021-06-30T04:15:00","date_gmt":"2021-06-30T04:15:00","guid":{"rendered":"https:\/\/stage.startertemplatecloud.com\/g11\/?page_id=344"},"modified":"2024-06-26T20:50:14","modified_gmt":"2024-06-26T23:50:14","slug":"noveles","status":"publish","type":"page","link":"https:\/\/colegioescribanoslp.org.ar\/celp\/index.php\/noveles\/","title":{"rendered":"Noveles"},"content":{"rendered":"\t\t<div data-elementor-type=\"wp-page\" data-elementor-id=\"344\" class=\"elementor elementor-344\" data-elementor-post-type=\"page\">\n\t\t\t\t<div class=\"elementor-element elementor-element-b81edaa e-grid e-con-full e-con e-parent\" data-id=\"b81edaa\" data-element_type=\"container\" data-e-type=\"container\">\n\t\t<div class=\"elementor-element elementor-element-cd186f6 e-grid e-con-full e-con e-child\" data-id=\"cd186f6\" data-element_type=\"container\" data-e-type=\"container\">\n\t\t\t\t<div class=\"elementor-element elementor-element-e9e5002 elementor-widget elementor-widget-image\" data-id=\"e9e5002\" data-element_type=\"widget\" data-e-type=\"widget\" data-widget_type=\"image.default\">\n\t\t\t\t<div class=\"elementor-widget-container\">\n\t\t\t\t\t\t\t\t\t\t\t\t\t\t\t<img fetchpriority=\"high\" decoding=\"async\" width=\"1232\" height=\"896\" src=\"https:\/\/colegioescribanoslp.org.ar\/celp\/wp-content\/uploads\/2024\/05\/Imagen-de-WhatsApp-2024-05-10-a-las-17.41.13_b5b76892-1-e1716909912220.jpg\" class=\"attachment-full size-full wp-image-3252\" alt=\"\" srcset=\"https:\/\/colegioescribanoslp.org.ar\/celp\/wp-content\/uploads\/2024\/05\/Imagen-de-WhatsApp-2024-05-10-a-las-17.41.13_b5b76892-1-e1716909912220.jpg 1232w, https:\/\/colegioescribanoslp.org.ar\/celp\/wp-content\/uploads\/2024\/05\/Imagen-de-WhatsApp-2024-05-10-a-las-17.41.13_b5b76892-1-e1716909912220-300x218.jpg 300w, https:\/\/colegioescribanoslp.org.ar\/celp\/wp-content\/uploads\/2024\/05\/Imagen-de-WhatsApp-2024-05-10-a-las-17.41.13_b5b76892-1-e1716909912220-1024x745.jpg 1024w, https:\/\/colegioescribanoslp.org.ar\/celp\/wp-content\/uploads\/2024\/05\/Imagen-de-WhatsApp-2024-05-10-a-las-17.41.13_b5b76892-1-e1716909912220-768x559.jpg 768w\" sizes=\"(max-width: 1232px) 100vw, 1232px\" \/>\t\t\t\t\t\t\t\t\t\t\t\t\t\t\t<\/div>\n\t\t\t\t<\/div>\n\t\t\t\t<\/div>\n\t\t\t\t<\/div>\n\t\t\t\t<section class=\"elementor-section elementor-top-section elementor-element elementor-element-72afccf elementor-section-boxed elementor-section-height-default elementor-section-height-default\" data-id=\"72afccf\" data-element_type=\"section\" data-e-type=\"section\" data-settings=\"{&quot;background_background&quot;:&quot;classic&quot;}\">\n\t\t\t\t\t\t\t<div class=\"elementor-background-overlay\"><\/div>\n\t\t\t\t\t\t\t<div class=\"elementor-container elementor-column-gap-default\">\n\t\t\t\t\t<div class=\"elementor-column elementor-col-100 elementor-top-column elementor-element elementor-element-66c7a21\" data-id=\"66c7a21\" data-element_type=\"column\" data-e-type=\"column\">\n\t\t\t<div class=\"elementor-widget-wrap elementor-element-populated\">\n\t\t\t\t\t\t<div class=\"elementor-element elementor-element-7789c0c elementor-widget elementor-widget-heading\" data-id=\"7789c0c\" data-element_type=\"widget\" data-e-type=\"widget\" data-widget_type=\"heading.default\">\n\t\t\t\t<div class=\"elementor-widget-container\">\n\t\t\t\t\t<h3 class=\"elementor-heading-title elementor-size-default\">Comisi\u00f3n de N\u00f3veles profesionales<\/h3>\t\t\t\t<\/div>\n\t\t\t\t<\/div>\n\t\t\t\t<div class=\"elementor-element elementor-element-4277f4a elementor-widget-divider--view-line_icon elementor-view-default elementor-widget-divider--element-align-center elementor-widget elementor-widget-divider\" data-id=\"4277f4a\" data-element_type=\"widget\" data-e-type=\"widget\" data-widget_type=\"divider.default\">\n\t\t\t\t<div class=\"elementor-widget-container\">\n\t\t\t\t\t\t\t<div class=\"elementor-divider\">\n\t\t\t<span class=\"elementor-divider-separator\">\n\t\t\t\t\t\t\t<div class=\"elementor-icon elementor-divider__element\">\n\t\t\t\t\t<svg aria-hidden=\"true\" class=\"e-font-icon-svg e-fas-balance-scale\" viewBox=\"0 0 640 512\" xmlns=\"http:\/\/www.w3.org\/2000\/svg\"><path d=\"M256 336h-.02c0-16.18 1.34-8.73-85.05-181.51-17.65-35.29-68.19-35.36-85.87 0C-2.06 328.75.02 320.33.02 336H0c0 44.18 57.31 80 128 80s128-35.82 128-80zM128 176l72 144H56l72-144zm511.98 160c0-16.18 1.34-8.73-85.05-181.51-17.65-35.29-68.19-35.36-85.87 0-87.12 174.26-85.04 165.84-85.04 181.51H384c0 44.18 57.31 80 128 80s128-35.82 128-80h-.02zM440 320l72-144 72 144H440zm88 128H352V153.25c23.51-10.29 41.16-31.48 46.39-57.25H528c8.84 0 16-7.16 16-16V48c0-8.84-7.16-16-16-16H383.64C369.04 12.68 346.09 0 320 0s-49.04 12.68-63.64 32H112c-8.84 0-16 7.16-16 16v32c0 8.84 7.16 16 16 16h129.61c5.23 25.76 22.87 46.96 46.39 57.25V448H112c-8.84 0-16 7.16-16 16v32c0 8.84 7.16 16 16 16h416c8.84 0 16-7.16 16-16v-32c0-8.84-7.16-16-16-16z\"><\/path><\/svg><\/div>\n\t\t\t\t\t\t<\/span>\n\t\t<\/div>\n\t\t\t\t\t\t<\/div>\n\t\t\t\t<\/div>\n\t\t\t\t<div class=\"elementor-element elementor-element-9f15495 elementor-widget elementor-widget-text-editor\" data-id=\"9f15495\" data-element_type=\"widget\" data-e-type=\"widget\" data-widget_type=\"text-editor.default\">\n\t\t\t\t<div class=\"elementor-widget-container\">\n\t\t\t\t\t\t\t\t\t<p><span style=\"text-decoration: underline;\"><strong>Delegada<\/strong><\/span><strong>:\u00a0<\/strong><\/p>\n<p><strong> Esc. Luciana SAVOIA ALTOLAGUIRRE\u00a0<\/strong><\/p>\n<p><span style=\"text-decoration: underline;\"><strong> Sub. Delegada<\/strong><\/span><strong>:\u00a0<\/strong><\/p>\n<p><strong>Esc. Melanie LIRIO CONTE<\/strong><\/p>\t\t\t\t\t\t\t\t<\/div>\n\t\t\t\t<\/div>\n\t\t\t\t\t<\/div>\n\t\t<\/div>\n\t\t\t\t\t<\/div>\n\t\t<\/section>\n\t\t<div class=\"elementor-element elementor-element-3e23bda e-flex e-con-boxed e-con e-parent\" data-id=\"3e23bda\" data-element_type=\"container\" data-e-type=\"container\">\n\t\t\t\t\t<div class=\"e-con-inner\">\n\t\t\t\t<div class=\"elementor-element elementor-element-941f804 elementor-widget elementor-widget-heading\" data-id=\"941f804\" data-element_type=\"widget\" data-e-type=\"widget\" data-widget_type=\"heading.default\">\n\t\t\t\t<div class=\"elementor-widget-container\">\n\t\t\t\t\t<h6 class=\"elementor-heading-title elementor-size-default\">REGLAMENTO DE LA COMISION DE NOTARIOS <br> NOVELES DE LA PROVINCIA DE LA PAMPA<\/h6>\t\t\t\t<\/div>\n\t\t\t\t<\/div>\n\t\t\t\t<div class=\"elementor-element elementor-element-2e82050 elementor-widget elementor-widget-text-editor\" data-id=\"2e82050\" data-element_type=\"widget\" data-e-type=\"widget\" data-widget_type=\"text-editor.default\">\n\t\t\t\t<div class=\"elementor-widget-container\">\n\t\t\t\t\t\t\t\t\t<p><strong>Art\u00edculo 1\u00ba<\/strong>: La Comisi\u00f3n de Notarios Noveles del Colegio de Escribanos de La Provincia de La Pampa se regir\u00e1 por las disposiciones del presente Reglamento respecto a su organizaci\u00f3n y funcionamiento, el que deber\u00e1 ser aprobado por el Consejo Directivo que preside el Colegio, como as\u00ed sus posteriores modificaciones.<\/p>\n<p>\u00a0<\/p>\n<p><strong>Art\u00edculo 2\u00ba<\/strong>: La Comisi\u00f3n tiene como finalidad:<\/p>\n<p>1) Promover y desarrollar la formaci\u00f3n profesional a trav\u00e9s de:<\/p>\n<ol>\n<li>a) la organizaci\u00f3n de cursos, talleres, seminarios y jornadas de capacitaci\u00f3n profesional,<\/li>\n<li>b) la inserci\u00f3n y participaci\u00f3n activa en el seno del Colegio de Escribanos,<\/li>\n<li>c) la asistencia a jornadas notariales, seminarios, y dem\u00e1s actividades acad\u00e9micas a desarrollarse en otras jurisdicciones ya sea dentro o fuera del pa\u00eds.<\/li>\n<\/ol>\n<p>2) Fomentar y acrecentar la integraci\u00f3n de los j\u00f3venes notarios dentro del \u00e1mbito del Colegio de Escribanos,<\/p>\n<p>3) Impulsar actividades que contribuyan a intercambiar conocimientos con los profesionales de otras \u00e1reas afines, organismos gubernamentales vinculados a la funci\u00f3n.<\/p>\n<p>4) Colaborar activamente con el Consejo Directivo en las actividades que le sean requeridas.<\/p>\n<p>5) Estimular la actualizaci\u00f3n e incorporaci\u00f3n, en el \u00e1mbito del Colegio de Escribanos, de nuevas tecnolog\u00edas, formas de organizaci\u00f3n y funcionamiento.<\/p>\n<p>6) Impulsar, acompa\u00f1ar, promover y facilitar el desarrollo de actividades culturales, sociales y cient\u00edficas.<\/p>\n<p>7) Bregar por los principios inherentes a la funci\u00f3n notarial y los deberes \u00e9ticos notariales de competencia leal; cooperaci\u00f3n entre colegas; solidaridad; lealtad; de cobro adecuado de los honorarios, independencia e imparcialidad de la funci\u00f3n notarial, informaci\u00f3n y asesoramiento, de control de legalidad, confidencialidad y veracidad; de competencia leal y de transparencia.<\/p>\n<p>8) Formar a los j\u00f3venes notarios en la Cultura Notarial y en la defensa y celo de la Funci\u00f3n del notario como profesional del derecho a cargo de una funci\u00f3n p\u00fablica, con acceso a la misma a trav\u00e9s de evaluaci\u00f3n de idoneidad acad\u00e9mica y moral.<\/p>\n<p><strong>\u00a0<\/strong><\/p>\n<p><strong>Art\u00edculo 3\u00ba<\/strong>: Ser\u00e1n considerados miembros de la Comisi\u00f3n de notarios noveles, los escribanos titulares o adscriptos de registro, que habiendo accedido a la funci\u00f3n a trav\u00e9s de evaluaci\u00f3n de idoneidad, no hayan superado una antig\u00fcedad de siete a\u00f1os contados desde la fecha del decreto del poder Ejecutivo que habilita al ejercicio de la funci\u00f3n.<\/p>\n<p>\u00a0<\/p>\n<p><strong>Art\u00edculo 4\u00ba<\/strong>: Aquellos notarios que habiendo participado en la Comisi\u00f3n, hayan superado la antig\u00fcedad para integrarla, podr\u00e1n participar de las reuniones con voz pero no voto.<\/p>\n<p>\u00a0<\/p>\n<p><strong>Art\u00edculo 5\u00ba<\/strong>: El \u00f3rgano de representaci\u00f3n de la Comisi\u00f3n de Noveles de la Provincia de La Pampa ser\u00e1 El Consejo Directivo de Notarios Noveles, que ser\u00e1 elegido por los integrantes de la Comisi\u00f3n por Asamblea Anual.<\/p>\n<p>\u00a0<\/p>\n<p><strong>Art\u00edculo 6\u00ba<\/strong>: El Consejo Directivo de Notarios Noveles estar\u00e1 integrado por un presidente, un Secretario Titular y un Secretario Suplente.<\/p>\n<p>\u00a0<\/p>\n<p><strong>Art\u00edculo 7\u00ba<\/strong>: El Consejo Directivo de noveles se reunir\u00e1 en la sede del Colegio de Escribanos de la Provincia o en la localidad del interior que se fije previamente \u2013 como m\u00ednimo una vez al mes, o por citaci\u00f3n del Presidente o el Secretario Titular en caso de ausencia del Presidente, o a pedido, por escrito, de por lo menos tres de sus miembros, debiendo en este caso realizarse la reuni\u00f3n dentro de los siete d\u00edas de efectuada la solicitud. Para que el consejo directivo de noveles pueda sesionar v\u00e1lidamente, se requiere la presencia de m\u00e1s de la MITAD DE LOS MIEMBROS que la integran y las decisiones se tomar\u00e1n con el voto de la mitad m\u00e1s uno de sus miembros presentes.-<\/p>\n<p>\u00a0<\/p>\n<p><strong>Art\u00edculo 8\u00ba<\/strong>: Son facultades del Consejo: <strong>a) <\/strong>ejecutar las resoluciones de la Asamblea cumplir y hacer cumplir este REGLAMENTO, interpret\u00e1ndolo en caso de duda con acuerdo del Consejo Directivo del Colegio de Escribanos; <strong>b) <\/strong>Presidir y Dirigir la Comisi\u00f3n; <strong>c) <\/strong>Convocar a la Comisi\u00f3n a ASAMBLEA; <strong>d) <\/strong>Dictar reglamentaciones<\/p>\n<p>internas necesarias para el cumplimiento de las finalidades propuestas las que ser\u00e1n aprobadas por la Asamblea de noveles y, en caso de duda: por el Consejo Directivo del Colegio de Escribanos.<\/p>\n<p>\u00a0<\/p>\n<p><strong>Art\u00edculo 9\u00ba<\/strong>: En caso de renuncia, fallecimiento, ausencia o cualquier otro impedimento que cause acefal\u00eda permanente de un miembro TITULAR de la Comisi\u00f3n Directiva de Noveles, lo reemplazar\u00e1 un miembro suplente, cuyo mandato continuar\u00e1 por todo el plazo restante para el que fue electo el reemplazado. Cuando la vacancia fuere en el cargo de Presidente, lo reemplazar\u00e1 el Secretario Titular y si fuese en el de Secretario lo reemplazar\u00e1 el Suplente.<\/p>\n<p>\u00a0<\/p>\n<p><strong>Art\u00edculo 10\u00ba<\/strong>: Cuando el n\u00famero de miembros del Consejo Directivo quede reducido a menos de la MITAD de su totalidad, habiendo sido llamados todos los suplentes a reemplazar a los titulares: deber\u00e1 convocarse a ASAMBLEA dentro de los quince d\u00edas de producida esta circunstancia, a los efectos de su integraci\u00f3n.-<\/p>\n<p>\u00a0<\/p>\n<p><strong>Art\u00edculo 11\u00ba<\/strong>: EL PRESIDENTE y, en su caso, el reemplazante: tiene los deberes y atribuciones siguientes: <strong>a) <\/strong>Convocar a Asamblea y a las sesiones del Consejo Directivo de Noveles y presidirlas; <strong>b) <\/strong>Decidir en las Asambleas y sesiones del Consejo Directivo con su voto \u2013en caso de empate-; <strong>c) <\/strong>Ser VOCERO, ante las autoridades del CONSEJO DIRECTIVO DEL COLEGIO DE ESCRIBANOS: de las decisiones adoptadas en el seno de la Comisi\u00f3n de NOVELES y que tengan un real inter\u00e9s para la instituci\u00f3n; <strong>d) <\/strong>Firmar, con el Secretario: las actas de Asambleas y del Consejo Directivo de noveles, asimismo la correspondencia y todo documento de dicha Comisi\u00f3n; <strong>e) <\/strong>Autorizar, con el Tesorero: las cuentas de gastos, firmando los recibos y dem\u00e1s documentos de la Tesorer\u00eda, de acuerdo con lo resuelto por Consejo Directivo, prohibiendo que los fondos sociales de NOVELES sean invertidos en objetos y\/o fines extra\u00f1os o ajenos a lo dispuesto por este REGLAMENTO; <strong>f) <\/strong>Dirigir y mantener el orden de las discusiones, suspender y levantar las sesiones \u2013cuando se altere el orden y respeto debido-; <strong>g) <\/strong>Velar por la buena marcha y administraci\u00f3n de la Comisi\u00f3n de NOVELES, observando y haciendo observar el REGLAMENTO y las resoluciones de las Asambleas y del Consejo Directivo de Noveles.-<\/p>\n<p><strong>Art\u00edculo 12\u00ba<\/strong>: el SECRETARIO tiene los deberes y atribuciones siguientes: <strong>a) <\/strong>Asistir a las Asambleas y sesiones del Consejo Directivo de Noveles: redactando las ACTAS respectivas, las que se asentar\u00e1n en el LIBRO correspondiente y firmar\u00e1, junto con el Presidente.- <strong>c) <\/strong>Firmar, asimismo la correspondencia y todo documento de la Comisi\u00f3n de Noveles \u2013juntamente con el Presidente.- <strong>d) <\/strong>Llevar el Registro de Notarios Noveles: su asistencia y el libro de Actas de reuniones de Asamblea y Consejo Directivo \u2013de acuerdo con el Presidente.-<\/p>\n<p>\u00a0<\/p>\n<p><strong>Art\u00edculo 13\u00ba: <\/strong>Corresponde a los integrantes de la comisi\u00f3n de noveles: <strong>a) <\/strong>Asistir a las Asambleas. <strong>b) <\/strong>Desempe\u00f1ar las tareas que el consejo directivo de Noveles le asigne.-<\/p>\n<p>\u00a0<\/p>\n<p><strong>Art\u00edculo 14\u00ba: <\/strong>El Consejo Directivo de Noveles convocar\u00e1 a los notarios noveles para efectuar la ELECCI\u00d3N DE AUTORIDADES, por Asamblea Anual; consideraci\u00f3n del cuadro de gastos y recursos, la que se realizar\u00e1 dentro de los sesenta (60) d\u00edas de finalizaci\u00f3n de los mandatos. Asimismo se realizar\u00e1n reuniones ampliadas, convocando a todos los Notarios Noveles, las veces que el Consejo Directivo de noveles considere necesarias. La Asamblea sesionar\u00e1 v\u00e1lidamente con la mitad m\u00e1s uno de sus miembros, si transcurridos treinta (30) minutos no se reuniera el qu\u00f3rum suficiente, sesionar\u00e1 con el n\u00famero de miembros presentes.<\/p>\n<p>\u00a0<\/p>\n<p><strong>Art\u00edculo 15\u00ba: <\/strong>Las Asambleas se convocar\u00e1n mediante correo electr\u00f3nico o circular emitida por el Consejo Directivo de Noveles. En los casos en que se someten a la consideraci\u00f3n de la Asamblea REFORMAS al REGLAMENTO, se remitir\u00e1 el proyecto de las mismas a los miembros \u2013 noveles -con una antelaci\u00f3n no menor a VEINTE (20) d\u00edas. En la Asamblea podr\u00e1n tratarse otros temas que los incluidos en la CONVOCATORIA siempre y cuando sea un\u00e1nime.<\/p>\n<p>\u00a0<\/p>\n<p><strong>Art\u00edculo 16\u00ba: <\/strong>Los miembros del Consejo Directivo de NOVELES ser\u00e1n elegidos por mayor\u00eda simple en Asamblea Anual y durar\u00e1n en sus cargos un a\u00f1o pudiendo ser reelectos en forma indefinida.<\/p>\n<p>\u00a0<\/p>\n<p><strong>Art\u00edculo 17\u00ba: <\/strong>Cada vez que sea necesario se Convocar\u00e1 a Asamblea para elegir un DELEGADO TITULAR y UN DELEGADO SUPLENTE que representar\u00e1n a los NOTARIOS NOVELES DE LA PROVINCIA DE LA PAMPA ante el CONSEJO FEDERAL DEL NOTARIADO ARGENTINO, asimismo ser\u00e1n elegidos ambos delegados para asistir a los encuentros Provinciales, Nacionales o Internacionales de NOVELES. Para ser electo DELEGADO se requiere ser ESCRIBANO TITULAR o ADSCRITO de un REGISTRO NOTARIAL. La Asamblea convocada al efecto decidir\u00e1 si los delegados electos asistir\u00e1n a todos los encuentros a celebrarse en el a\u00f1o o si solo asistir\u00e1 a \u00e9se encuentro en particular. EL DELEGADO -como representante de la Comisi\u00f3n de Noveles de la provincia de La Pampa &#8211; estar\u00e1 facultado para adoptar aqu\u00e9llas decisiones y\/o resoluciones que sean atinentes a su funci\u00f3n representativa.-<\/p>\n<p>\u00a0<\/p>\n<p><strong>Art\u00edculo 18\u00ba: <\/strong>Para el cumplimiento de sus objetivos, la Comisi\u00f3n de Notarios Noveles contar\u00e1 con los recursos provenientes de<strong>: a) <\/strong>Aportes que se fijen por La Asamblea, <strong>b) <\/strong>Las contribuciones que reciba o le asigne el COLEGIO DE ESCRIBANOS, <strong>c) <\/strong>Los aportes de toda persona o instituci\u00f3n que desee cooperar con la Comisi\u00f3n de Noveles, y <strong>d) <\/strong>Cualquier otro ingreso obtenido por la realizaci\u00f3n de talleres, jornadas, seminarios o cualquier otra actividad desempe\u00f1ada para obtener recursos por la Comisi\u00f3n de Notarios Noveles.<\/p>\n<p>\u00a0<\/p>\n<p>\u00a0<\/p>\n<p><strong>DISPOSICI\u00d3N TRANSITORIA <\/strong><\/p>\n<p>Una vez aprobado el presente Reglamento por el Consejo Directivo del Colegio de Escribanos de La Pampa, se convocar\u00e1 a Asamblea a todos los notarios noveles de la Provincia, para la elecci\u00f3n de autoridades del Consejo Directivo de Notarios Noveles.<\/p>\t\t\t\t\t\t\t\t<\/div>\n\t\t\t\t<\/div>\n\t\t\t\t\t<\/div>\n\t\t\t\t<\/div>\n\t\t\t\t<\/div>\n\t\t","protected":false},"excerpt":{"rendered":"<p>Comisi\u00f3n de N\u00f3veles profesionales Delegada:\u00a0 Esc. Luciana SAVOIA ALTOLAGUIRRE\u00a0 Sub. Delegada:\u00a0 Esc. Melanie LIRIO CONTE REGLAMENTO DE LA COMISION DE NOTARIOS NOVELES DE LA PROVINCIA DE LA PAMPA Art\u00edculo 1\u00ba: La Comisi\u00f3n de Notarios Noveles del Colegio de Escribanos de La Provincia de La Pampa se regir\u00e1 por las disposiciones del presente Reglamento respecto a&#8230;<\/p>\n","protected":false},"author":1,"featured_media":0,"parent":0,"menu_order":0,"comment_status":"closed","ping_status":"closed","template":"","meta":{"_kad_post_transparent":"disable","_kad_post_title":"hide","_kad_post_layout":"fullwidth","_kad_post_sidebar_id":"","_kad_post_content_style":"unboxed","_kad_post_vertical_padding":"default","_kad_post_feature":"default","_kad_post_feature_position":"","_kad_post_header":false,"_kad_post_footer":false,"_kad_post_classname":"","footnotes":""},"class_list":["post-344","page","type-page","status-publish","hentry"],"_links":{"self":[{"href":"https:\/\/colegioescribanoslp.org.ar\/celp\/index.php\/wp-json\/wp\/v2\/pages\/344","targetHints":{"allow":["GET"]}}],"collection":[{"href":"https:\/\/colegioescribanoslp.org.ar\/celp\/index.php\/wp-json\/wp\/v2\/pages"}],"about":[{"href":"https:\/\/colegioescribanoslp.org.ar\/celp\/index.php\/wp-json\/wp\/v2\/types\/page"}],"author":[{"embeddable":true,"href":"https:\/\/colegioescribanoslp.org.ar\/celp\/index.php\/wp-json\/wp\/v2\/users\/1"}],"replies":[{"embeddable":true,"href":"https:\/\/colegioescribanoslp.org.ar\/celp\/index.php\/wp-json\/wp\/v2\/comments?post=344"}],"version-history":[{"count":53,"href":"https:\/\/colegioescribanoslp.org.ar\/celp\/index.php\/wp-json\/wp\/v2\/pages\/344\/revisions"}],"predecessor-version":[{"id":3692,"href":"https:\/\/colegioescribanoslp.org.ar\/celp\/index.php\/wp-json\/wp\/v2\/pages\/344\/revisions\/3692"}],"wp:attachment":[{"href":"https:\/\/colegioescribanoslp.org.ar\/celp\/index.php\/wp-json\/wp\/v2\/media?parent=344"}],"curies":[{"name":"wp","href":"https:\/\/api.w.org\/{rel}","templated":true}]}}